{"id":1270,"date":"2022-02-15T21:55:26","date_gmt":"2022-02-15T21:55:26","guid":{"rendered":"https:\/\/dev.seethechange.ca\/nouvelles-et-evenements\/"},"modified":"2023-06-30T15:49:48","modified_gmt":"2023-06-30T15:49:48","slug":"nouvelles-et-evenements","status":"publish","type":"page","link":"https:\/\/seethechange.ca\/fr\/nouvelles-et-evenements\/","title":{"rendered":"Nouvelles et \u00e9v\u00e9nements"},"content":{"rendered":"\t\t<div data-elementor-type=\"wp-page\" data-elementor-id=\"1270\" class=\"elementor elementor-1270 elementor-303\" data-elementor-post-type=\"page\">\n\t\t\t\t\t\t<section class=\"elementor-section elementor-top-section elementor-element elementor-element-bb96809 elementor-section-full_width elementor-section-height-min-height elementor-hidden-mobile elementor-section-height-default elementor-section-items-middle\" data-id=\"bb96809\" data-element_type=\"section\" data-settings=\"{&quot;background_background&quot;:&quot;classic&quot;}\">\n\t\t\t\t\t\t<div class=\"elementor-container elementor-column-gap-default\">\n\t\t\t\t\t<div class=\"elementor-column elementor-col-50 elementor-top-column elementor-element elementor-element-b5931d3\" data-id=\"b5931d3\" data-element_type=\"column\">\n\t\t\t<div class=\"elementor-widget-wrap elementor-element-populated\">\n\t\t\t\t\t\t<div class=\"elementor-element elementor-element-2f0bb95 elementor-widget elementor-widget-heading\" data-id=\"2f0bb95\" data-element_type=\"widget\" data-widget_type=\"heading.default\">\n\t\t\t\t<div class=\"elementor-widget-container\">\n\t\t\t\t\t<h1 class=\"elementor-heading-title elementor-size-default\">Nouvelles et \u00e9v\u00e9nements<\/h1>\t\t\t\t<\/div>\n\t\t\t\t<\/div>\n\t\t\t\t\t<\/div>\n\t\t<\/div>\n\t\t\t\t<div class=\"elementor-column elementor-col-50 elementor-top-column elementor-element elementor-element-2579099\" data-id=\"2579099\" data-element_type=\"column\">\n\t\t\t<div class=\"elementor-widget-wrap\">\n\t\t\t\t\t\t\t<\/div>\n\t\t<\/div>\n\t\t\t\t\t<\/div>\n\t\t<\/section>\n\t\t\t\t<section class=\"elementor-section elementor-top-section elementor-element elementor-element-62ea71b elementor-section-full_width elementor-section-height-min-height elementor-hidden-desktop elementor-hidden-tablet elementor-section-height-default elementor-section-items-middle\" data-id=\"62ea71b\" data-element_type=\"section\" data-settings=\"{&quot;background_background&quot;:&quot;classic&quot;}\">\n\t\t\t\t\t\t<div class=\"elementor-container elementor-column-gap-default\">\n\t\t\t\t\t<div class=\"elementor-column elementor-col-100 elementor-top-column elementor-element elementor-element-3bc8e6f\" data-id=\"3bc8e6f\" data-element_type=\"column\" data-settings=\"{&quot;background_background&quot;:&quot;classic&quot;}\">\n\t\t\t<div class=\"elementor-widget-wrap elementor-element-populated\">\n\t\t\t\t\t\t<div class=\"elementor-element elementor-element-1310509 elementor-widget elementor-widget-heading\" data-id=\"1310509\" data-element_type=\"widget\" data-widget_type=\"heading.default\">\n\t\t\t\t<div class=\"elementor-widget-container\">\n\t\t\t\t\t<h1 class=\"elementor-heading-title elementor-size-default\">Nouvelles et \u00e9v\u00e9nements<\/h1>\t\t\t\t<\/div>\n\t\t\t\t<\/div>\n\t\t\t\t\t<\/div>\n\t\t<\/div>\n\t\t\t\t\t<\/div>\n\t\t<\/section>\n\t\t\t\t<section class=\"elementor-section elementor-top-section elementor-element elementor-element-8aa14d8 elementor-section-boxed elementor-section-height-default elementor-section-height-default\" data-id=\"8aa14d8\" data-element_type=\"section\">\n\t\t\t\t\t\t<div class=\"elementor-container elementor-column-gap-default\">\n\t\t\t\t\t<div class=\"elementor-column elementor-col-100 elementor-top-column elementor-element elementor-element-54912f6\" data-id=\"54912f6\" data-element_type=\"column\">\n\t\t\t<div class=\"elementor-widget-wrap elementor-element-populated\">\n\t\t\t\t\t\t<div class=\"elementor-element elementor-element-7ea62b4 elementor-grid-3 elementor-grid-tablet-2 elementor-grid-mobile-1 elementor-posts--thumbnail-top elementor-card-shadow-yes elementor-posts__hover-gradient elementor-widget elementor-widget-posts\" data-id=\"7ea62b4\" data-element_type=\"widget\" data-settings=\"{&quot;cards_masonry&quot;:&quot;yes&quot;,&quot;pagination_type&quot;:&quot;load_more_infinite_scroll&quot;,&quot;cards_columns&quot;:&quot;3&quot;,&quot;cards_columns_tablet&quot;:&quot;2&quot;,&quot;cards_columns_mobile&quot;:&quot;1&quot;,&quot;cards_row_gap&quot;:{&quot;unit&quot;:&quot;px&quot;,&quot;size&quot;:35,&quot;sizes&quot;:[]},&quot;cards_row_gap_tablet&quot;:{&quot;unit&quot;:&quot;px&quot;,&quot;size&quot;:&quot;&quot;,&quot;sizes&quot;:[]},&quot;cards_row_gap_mobile&quot;:{&quot;unit&quot;:&quot;px&quot;,&quot;size&quot;:&quot;&quot;,&quot;sizes&quot;:[]},&quot;load_more_spinner&quot;:{&quot;value&quot;:&quot;fas fa-spinner&quot;,&quot;library&quot;:&quot;fa-solid&quot;}}\" data-widget_type=\"posts.cards\">\n\t\t\t\t<div class=\"elementor-widget-container\">\n\t\t\t\t\t\t\t<div class=\"elementor-posts-container elementor-posts elementor-posts--skin-cards elementor-grid\">\n\t\t\t\t<article class=\"elementor-post elementor-grid-item post-1439 post type-post status-publish format-standard has-post-thumbnail hentry category-uncategorized\">\n\t\t\t<div class=\"elementor-post__card\">\n\t\t\t\t<a class=\"elementor-post__thumbnail__link\" href=\"https:\/\/seethechange.ca\/fr\/2022\/11\/29\/leading-into-the-future-inspiring-and-activating-community-innovation-event-highlights\/\" tabindex=\"-1\" ><div class=\"elementor-post__thumbnail\"><img fetchpriority=\"high\" decoding=\"async\" width=\"619\" height=\"465\" src=\"https:\/\/seethechange.ca\/wp-content\/uploads\/2022\/11\/Leading-the-Way-Into-the-Future-Report-Pic-2.png\" class=\"attachment-full size-full wp-image-1447\" alt=\"\" srcset=\"https:\/\/seethechange.ca\/wp-content\/uploads\/2022\/11\/Leading-the-Way-Into-the-Future-Report-Pic-2.png 619w, https:\/\/seethechange.ca\/wp-content\/uploads\/2022\/11\/Leading-the-Way-Into-the-Future-Report-Pic-2-300x225.png 300w, https:\/\/seethechange.ca\/wp-content\/uploads\/2022\/11\/Leading-the-Way-Into-the-Future-Report-Pic-2-150x113.png 150w\" sizes=\"(max-width: 619px) 100vw, 619px\" \/><\/div><\/a>\n\t\t\t\t<div class=\"elementor-post__text\">\n\t\t\t\t<h3 class=\"elementor-post__title\">\n\t\t\t<a href=\"https:\/\/seethechange.ca\/fr\/2022\/11\/29\/leading-into-the-future-inspiring-and-activating-community-innovation-event-highlights\/\" >\n\t\t\t\tLeading into the Future: Inspiring and Activating Community Innovation Event Highlights\t\t\t<\/a>\n\t\t<\/h3>\n\t\t\t\t<div class=\"elementor-post__excerpt\">\n\t\t\t<p>This series of three independent discovery workshops was designed to reveal opportunities for social innovation, people who are interested in<\/p>\n\t\t<\/div>\n\t\t\n\t\t<a class=\"elementor-post__read-more\" href=\"https:\/\/seethechange.ca\/fr\/2022\/11\/29\/leading-into-the-future-inspiring-and-activating-community-innovation-event-highlights\/\" aria-label=\"En savoir plus sur Leading into the Future: Inspiring and Activating Community Innovation Event Highlights\" tabindex=\"-1\" >\n\t\t\tEn savoir plus \u00bb\t\t<\/a>\n\n\t\t\t\t<\/div>\n\t\t\t\t<div class=\"elementor-post__meta-data\">\n\t\t\t\t\t<span class=\"elementor-post-date\">\n\t\t\t29 novembre 2022\t\t<\/span>\n\t\t\t\t<\/div>\n\t\t\t\t\t<\/div>\n\t\t<\/article>\n\t\t\t\t<article class=\"elementor-post elementor-grid-item post-558 post type-post status-publish format-standard has-post-thumbnail hentry category-uncategorized\">\n\t\t\t<div class=\"elementor-post__card\">\n\t\t\t\t<a class=\"elementor-post__thumbnail__link\" href=\"https:\/\/seethechange.ca\/fr\/2021\/12\/08\/wosen-interim-report-key-social-innovation-learnings-and-impacts\/\" tabindex=\"-1\" ><div class=\"elementor-post__thumbnail\"><img decoding=\"async\" width=\"1600\" height=\"900\" src=\"https:\/\/seethechange.ca\/wp-content\/uploads\/2022\/02\/news_1.1-3.png\" class=\"attachment-full size-full wp-image-559\" alt=\"\" srcset=\"https:\/\/seethechange.ca\/wp-content\/uploads\/2022\/02\/news_1.1-3.png 1600w, https:\/\/seethechange.ca\/wp-content\/uploads\/2022\/02\/news_1.1-3-300x169.png 300w, https:\/\/seethechange.ca\/wp-content\/uploads\/2022\/02\/news_1.1-3-1024x576.png 1024w, https:\/\/seethechange.ca\/wp-content\/uploads\/2022\/02\/news_1.1-3-150x84.png 150w, https:\/\/seethechange.ca\/wp-content\/uploads\/2022\/02\/news_1.1-3-768x432.png 768w, https:\/\/seethechange.ca\/wp-content\/uploads\/2022\/02\/news_1.1-3-1536x864.png 1536w\" sizes=\"(max-width: 1600px) 100vw, 1600px\" \/><\/div><\/a>\n\t\t\t\t<div class=\"elementor-post__text\">\n\t\t\t\t<h3 class=\"elementor-post__title\">\n\t\t\t<a href=\"https:\/\/seethechange.ca\/fr\/2021\/12\/08\/wosen-interim-report-key-social-innovation-learnings-and-impacts\/\" >\n\t\t\t\tWOSEN Interim Report \u2013 Key social innovation learnings and impacts\t\t\t<\/a>\n\t\t<\/h3>\n\t\t\t\t<div class=\"elementor-post__excerpt\">\n\t\t\t<p>The Women of Ontario Social Enterprise Network (WOSEN) led by Pillar, in partnership with @centreforsocialinnovation, SVX, and @NORDIKInstitute, has released<\/p>\n\t\t<\/div>\n\t\t\n\t\t<a class=\"elementor-post__read-more\" href=\"https:\/\/seethechange.ca\/fr\/2021\/12\/08\/wosen-interim-report-key-social-innovation-learnings-and-impacts\/\" aria-label=\"En savoir plus sur WOSEN Interim Report \u2013 Key social innovation learnings and impacts\" tabindex=\"-1\" >\n\t\t\tEn savoir plus \u00bb\t\t<\/a>\n\n\t\t\t\t<\/div>\n\t\t\t\t<div class=\"elementor-post__meta-data\">\n\t\t\t\t\t<span class=\"elementor-post-date\">\n\t\t\t8 d\u00e9cembre 2021\t\t<\/span>\n\t\t\t\t<\/div>\n\t\t\t\t\t<\/div>\n\t\t<\/article>\n\t\t\t\t<article class=\"elementor-post elementor-grid-item post-545 post type-post status-publish format-standard has-post-thumbnail hentry category-uncategorized\">\n\t\t\t<div class=\"elementor-post__card\">\n\t\t\t\t<a class=\"elementor-post__thumbnail__link\" href=\"https:\/\/seethechange.ca\/fr\/2021\/11\/08\/grow-north-advanced-support-for-experienced-entrepreneurs\/\" tabindex=\"-1\" ><div class=\"elementor-post__thumbnail\"><img decoding=\"async\" width=\"1440\" height=\"1080\" src=\"https:\/\/seethechange.ca\/wp-content\/uploads\/2022\/02\/news_2.1.jpeg\" class=\"attachment-full size-full wp-image-546\" alt=\"\" srcset=\"https:\/\/seethechange.ca\/wp-content\/uploads\/2022\/02\/news_2.1.jpeg 1440w, https:\/\/seethechange.ca\/wp-content\/uploads\/2022\/02\/news_2.1-300x225.jpeg 300w, https:\/\/seethechange.ca\/wp-content\/uploads\/2022\/02\/news_2.1-1024x768.jpeg 1024w, https:\/\/seethechange.ca\/wp-content\/uploads\/2022\/02\/news_2.1-150x113.jpeg 150w, https:\/\/seethechange.ca\/wp-content\/uploads\/2022\/02\/news_2.1-768x576.jpeg 768w\" sizes=\"(max-width: 1440px) 100vw, 1440px\" \/><\/div><\/a>\n\t\t\t\t<div class=\"elementor-post__text\">\n\t\t\t\t<h3 class=\"elementor-post__title\">\n\t\t\t<a href=\"https:\/\/seethechange.ca\/fr\/2021\/11\/08\/grow-north-advanced-support-for-experienced-entrepreneurs\/\" >\n\t\t\t\tGROW North: Advanced Support for Experienced Entrepreneurs\t\t\t<\/a>\n\t\t<\/h3>\n\t\t\t\t<div class=\"elementor-post__excerpt\">\n\t\t\t<p>In partnership with Women of Ontario Social Enterprise Network, Social Enterprise and Entrepreneurship [SEE] is excited to present the upcoming<\/p>\n\t\t<\/div>\n\t\t\n\t\t<a class=\"elementor-post__read-more\" href=\"https:\/\/seethechange.ca\/fr\/2021\/11\/08\/grow-north-advanced-support-for-experienced-entrepreneurs\/\" aria-label=\"En savoir plus sur GROW North: Advanced Support for Experienced Entrepreneurs\" tabindex=\"-1\" >\n\t\t\tEn savoir plus \u00bb\t\t<\/a>\n\n\t\t\t\t<\/div>\n\t\t\t\t<div class=\"elementor-post__meta-data\">\n\t\t\t\t\t<span class=\"elementor-post-date\">\n\t\t\t8 novembre 2021\t\t<\/span>\n\t\t\t\t<\/div>\n\t\t\t\t\t<\/div>\n\t\t<\/article>\n\t\t\t\t<article class=\"elementor-post elementor-grid-item post-549 post type-post status-publish format-standard has-post-thumbnail hentry category-uncategorized\">\n\t\t\t<div class=\"elementor-post__card\">\n\t\t\t\t<a class=\"elementor-post__thumbnail__link\" href=\"https:\/\/seethechange.ca\/fr\/2021\/08\/24\/changemakers-creating-livable-communities-in-northern-ontario\/\" tabindex=\"-1\" ><div class=\"elementor-post__thumbnail\"><img loading=\"lazy\" decoding=\"async\" width=\"940\" height=\"788\" src=\"https:\/\/seethechange.ca\/wp-content\/uploads\/2022\/02\/news_3.1.png\" class=\"attachment-full size-full wp-image-550\" alt=\"\" srcset=\"https:\/\/seethechange.ca\/wp-content\/uploads\/2022\/02\/news_3.1.png 940w, https:\/\/seethechange.ca\/wp-content\/uploads\/2022\/02\/news_3.1-300x251.png 300w, https:\/\/seethechange.ca\/wp-content\/uploads\/2022\/02\/news_3.1-150x126.png 150w, https:\/\/seethechange.ca\/wp-content\/uploads\/2022\/02\/news_3.1-768x644.png 768w\" sizes=\"(max-width: 940px) 100vw, 940px\" \/><\/div><\/a>\n\t\t\t\t<div class=\"elementor-post__text\">\n\t\t\t\t<h3 class=\"elementor-post__title\">\n\t\t\t<a href=\"https:\/\/seethechange.ca\/fr\/2021\/08\/24\/changemakers-creating-livable-communities-in-northern-ontario\/\" >\n\t\t\t\tChangemakers: Creating livable communities in Northern Ontario\t\t\t<\/a>\n\t\t<\/h3>\n\t\t\t\t<div class=\"elementor-post__excerpt\">\n\t\t\t<p>Join us for an evening of inspiration and storytelling as we explore two entrepreneurs\u2019 pathways to social change. Together, we<\/p>\n\t\t<\/div>\n\t\t\n\t\t<a class=\"elementor-post__read-more\" href=\"https:\/\/seethechange.ca\/fr\/2021\/08\/24\/changemakers-creating-livable-communities-in-northern-ontario\/\" aria-label=\"En savoir plus sur Changemakers: Creating livable communities in Northern Ontario\" tabindex=\"-1\" >\n\t\t\tEn savoir plus \u00bb\t\t<\/a>\n\n\t\t\t\t<\/div>\n\t\t\t\t<div class=\"elementor-post__meta-data\">\n\t\t\t\t\t<span class=\"elementor-post-date\">\n\t\t\t24 ao\u00fbt 2021\t\t<\/span>\n\t\t\t\t<\/div>\n\t\t\t\t\t<\/div>\n\t\t<\/article>\n\t\t\t\t<article class=\"elementor-post elementor-grid-item post-554 post type-post status-publish format-standard has-post-thumbnail hentry category-uncategorized\">\n\t\t\t<div class=\"elementor-post__card\">\n\t\t\t\t<a class=\"elementor-post__thumbnail__link\" href=\"https:\/\/seethechange.ca\/fr\/2021\/08\/23\/shape-your-passion-into-an-action-plan-womens-social-enterprise-development\/\" tabindex=\"-1\" ><div class=\"elementor-post__thumbnail\"><img loading=\"lazy\" decoding=\"async\" width=\"1200\" height=\"675\" src=\"https:\/\/seethechange.ca\/wp-content\/uploads\/2022\/02\/news_4.1.png\" class=\"attachment-full size-full wp-image-555\" alt=\"\" srcset=\"https:\/\/seethechange.ca\/wp-content\/uploads\/2022\/02\/news_4.1.png 1200w, https:\/\/seethechange.ca\/wp-content\/uploads\/2022\/02\/news_4.1-300x169.png 300w, https:\/\/seethechange.ca\/wp-content\/uploads\/2022\/02\/news_4.1-1024x576.png 1024w, https:\/\/seethechange.ca\/wp-content\/uploads\/2022\/02\/news_4.1-150x84.png 150w, https:\/\/seethechange.ca\/wp-content\/uploads\/2022\/02\/news_4.1-768x432.png 768w\" sizes=\"(max-width: 1200px) 100vw, 1200px\" \/><\/div><\/a>\n\t\t\t\t<div class=\"elementor-post__text\">\n\t\t\t\t<h3 class=\"elementor-post__title\">\n\t\t\t<a href=\"https:\/\/seethechange.ca\/fr\/2021\/08\/23\/shape-your-passion-into-an-action-plan-womens-social-enterprise-development\/\" >\n\t\t\t\tShape your passion into an Action Plan: Women\u2019s Social Enterprise Development\t\t\t<\/a>\n\t\t<\/h3>\n\t\t\t\t<div class=\"elementor-post__excerpt\">\n\t\t\t<p>Idea Development to Action Plan:Women\u2019s Social Enterprise Development Shape your passion into an Action Plan for moving forward!This 10-week program<\/p>\n\t\t<\/div>\n\t\t\n\t\t<a class=\"elementor-post__read-more\" href=\"https:\/\/seethechange.ca\/fr\/2021\/08\/23\/shape-your-passion-into-an-action-plan-womens-social-enterprise-development\/\" aria-label=\"En savoir plus sur Shape your passion into an Action Plan: Women\u2019s Social Enterprise Development\" tabindex=\"-1\" >\n\t\t\tEn savoir plus \u00bb\t\t<\/a>\n\n\t\t\t\t<\/div>\n\t\t\t\t<div class=\"elementor-post__meta-data\">\n\t\t\t\t\t<span class=\"elementor-post-date\">\n\t\t\t23 ao\u00fbt 2021\t\t<\/span>\n\t\t\t\t<\/div>\n\t\t\t\t\t<\/div>\n\t\t<\/article>\n\t\t\t\t<article class=\"elementor-post elementor-grid-item post-564 post type-post status-publish format-standard has-post-thumbnail hentry category-uncategorized\">\n\t\t\t<div class=\"elementor-post__card\">\n\t\t\t\t<a class=\"elementor-post__thumbnail__link\" href=\"https:\/\/seethechange.ca\/fr\/2021\/06\/07\/financial-health-fundamentals-bookkeeping-101\/\" tabindex=\"-1\" ><div class=\"elementor-post__thumbnail\"><img loading=\"lazy\" decoding=\"async\" width=\"750\" height=\"313\" src=\"https:\/\/seethechange.ca\/wp-content\/uploads\/2022\/02\/news_5.1.png\" class=\"attachment-full size-full wp-image-565\" alt=\"\" srcset=\"https:\/\/seethechange.ca\/wp-content\/uploads\/2022\/02\/news_5.1.png 750w, https:\/\/seethechange.ca\/wp-content\/uploads\/2022\/02\/news_5.1-300x125.png 300w, https:\/\/seethechange.ca\/wp-content\/uploads\/2022\/02\/news_5.1-150x63.png 150w\" sizes=\"(max-width: 750px) 100vw, 750px\" \/><\/div><\/a>\n\t\t\t\t<div class=\"elementor-post__text\">\n\t\t\t\t<h3 class=\"elementor-post__title\">\n\t\t\t<a href=\"https:\/\/seethechange.ca\/fr\/2021\/06\/07\/financial-health-fundamentals-bookkeeping-101\/\" >\n\t\t\t\tFinancial Health Fundamentals: Bookkeeping 101\t\t\t<\/a>\n\t\t<\/h3>\n\t\t\t\t<div class=\"elementor-post__excerpt\">\n\t\t\t<p>This workshop is designed to help you with bookkeeping.This workshop will help you understand what bookkeeping is, tricks of the<\/p>\n\t\t<\/div>\n\t\t\n\t\t<a class=\"elementor-post__read-more\" href=\"https:\/\/seethechange.ca\/fr\/2021\/06\/07\/financial-health-fundamentals-bookkeeping-101\/\" aria-label=\"En savoir plus sur Financial Health Fundamentals: Bookkeeping 101\" tabindex=\"-1\" >\n\t\t\tEn savoir plus \u00bb\t\t<\/a>\n\n\t\t\t\t<\/div>\n\t\t\t\t<div class=\"elementor-post__meta-data\">\n\t\t\t\t\t<span class=\"elementor-post-date\">\n\t\t\t7 juin 2021\t\t<\/span>\n\t\t\t\t<\/div>\n\t\t\t\t\t<\/div>\n\t\t<\/article>\n\t\t\t\t<\/div>\n\t\t\t\t\t<span class=\"e-load-more-spinner\">\n\t\t\t\t<i aria-hidden=\"true\" class=\"fas fa-spinner\"><\/i>\t\t\t<\/span>\n\t\t\n\t\t\t\t<div class=\"e-load-more-anchor\" data-page=\"1\" data-max-page=\"4\" data-next-page=\"https:\/\/seethechange.ca\/fr\/wp-json\/wp\/v2\/pages\/1270\/page\/2\/\"><\/div>\n\t\t\t\t<div class=\"e-load-more-message\"><\/div>\n\t\t\t\t\t\t<\/div>\n\t\t\t\t<\/div>\n\t\t\t\t\t<\/div>\n\t\t<\/div>\n\t\t\t\t\t<\/div>\n\t\t<\/section>\n\t\t\t\t<\/div>\n\t\t","protected":false},"excerpt":{"rendered":"<p>Nouvelles et \u00e9v\u00e9nements Nouvelles et \u00e9v\u00e9nements<\/p>\n","protected":false},"author":2,"featured_media":0,"parent":0,"menu_order":0,"comment_status":"closed","ping_status":"closed","template":"elementor_header_footer","meta":{"_acf_changed":false,"footnotes":""},"class_list":["post-1270","page","type-page","status-publish","hentry"],"acf":[],"_links":{"self":[{"href":"https:\/\/seethechange.ca\/fr\/wp-json\/wp\/v2\/pages\/1270","targetHints":{"allow":["GET"]}}],"collection":[{"href":"https:\/\/seethechange.ca\/fr\/wp-json\/wp\/v2\/pages"}],"about":[{"href":"https:\/\/seethechange.ca\/fr\/wp-json\/wp\/v2\/types\/page"}],"author":[{"embeddable":true,"href":"https:\/\/seethechange.ca\/fr\/wp-json\/wp\/v2\/users\/2"}],"replies":[{"embeddable":true,"href":"https:\/\/seethechange.ca\/fr\/wp-json\/wp\/v2\/comments?post=1270"}],"version-history":[{"count":2,"href":"https:\/\/seethechange.ca\/fr\/wp-json\/wp\/v2\/pages\/1270\/revisions"}],"predecessor-version":[{"id":1475,"href":"https:\/\/seethechange.ca\/fr\/wp-json\/wp\/v2\/pages\/1270\/revisions\/1475"}],"wp:attachment":[{"href":"https:\/\/seethechange.ca\/fr\/wp-json\/wp\/v2\/media?parent=1270"}],"curies":[{"name":"wp","href":"https:\/\/api.w.org\/{rel}","templated":true}]}}